{"id":4299,"date":"2018-04-14T16:20:16","date_gmt":"2018-04-14T16:20:16","guid":{"rendered":"https:\/\/www1.facts-homes.com\/escribe-para-nosotros\/"},"modified":"2018-04-14T16:20:16","modified_gmt":"2018-04-14T16:20:16","slug":"escribe-para-nosotros","status":"publish","type":"page","link":"https:\/\/facts-homes.com\/es\/escribe-para-nosotros\/","title":{"rendered":"Escribe para nosotros"},"content":{"rendered":"<h2>\u00bfQuieres escribir para Facts-Homes?<\/h2>\n<p>Recibo un buen n\u00famero de peticiones para aparecer en este sitio web, as\u00ed que he pensado que \u00e9sta ser\u00eda una gu\u00eda \u00fatil para quienes deseen contribuir.<\/p>\n<p>No s\u00f3lo quiero art\u00edculos puntuales: buscamos miembros permanentes que se unan a nuestra lista de colaboradores y nos ayuden a publicar historias de calidad.<\/p>\n<h2>Ventajas de ser autor<\/h2>\n<p>Facts Homes comenz\u00f3 su existencia no hace mucho tiempo, pero estamos muy comprometidos a convertirnos en uno de los sitios de inspiraci\u00f3n para el hogar y el jard\u00edn de m\u00e1s r\u00e1pido crecimiento. Contamos con 4 propietarios de sitios web muy activos y con gran experiencia en el sector, y adem\u00e1s producimos alrededor de 10.000 palabras de contenido (\u00a1incluidas im\u00e1genes!) cada semana, para empezar con buen pie. Esto es lo que puedo ofrecerle si se convierte en colaborador habitual.<\/p>\n<ul>\n<li>Tendr\u00e1s tu propio acceso al sitio y derechos de autor para todos y cada uno de los art\u00edculos que escribas.<\/li>\n<li>Impresionante exposici\u00f3n a una audiencia mundial en continua expansi\u00f3n.<\/li>\n<li>Reciba el reconocimiento y el aprecio de un p\u00fablico fiel, por ahora y al menos en los pr\u00f3ximos miles de a\u00f1os (en el mundo digital sus palabras son inmortales).<\/li>\n<li>Marca la diferencia en la vida de personas de todo el mundo, ya sea compartiendo tus ideas, observaciones, buen humor o simplemente publicando fotos de c\u00f3mo crece la hierba.<\/li>\n<\/ul>\n<h3>Contenido<\/h3>\n<p>Su puesto debe tener algo de lo siguiente<\/p>\n<ul>\n<li>Caf\u00e9 molido (principalmente para jardiner\u00eda)<\/li>\n<li>Compostaje y abono casero<\/li>\n<li>Alimentos que cultivas en casa<\/li>\n<li>Vermicompostaje<\/li>\n<li>Acuapon\u00eda<\/li>\n<li>Dise\u00f1o del hogar<\/li>\n<li>Inspiraci\u00f3n interior o exterior<\/li>\n<li>Sostenibilidad o ecologismo<\/li>\n<li>La filosof\u00eda de los jardines<\/li>\n<li>La filosof\u00eda del hogar, piso, estudio o \u00e1tico<\/li>\n<li>Poes\u00eda, im\u00e1genes y v\u00eddeo centrados en la naturaleza<\/li>\n<\/ul>\n<p>Si eres nuevo en esto de escribir para la web, este es un buen art\u00edculo para leer sobre <a href=\"https:\/\/problogger.com\/9-ways-become-an-exceptional-guest-poster\/\" rel=\"nofollow sponsored noopener\" target=\"_blank\">5 consejos para ser un autor invitado absurdamente prol\u00edfico<\/a>. De hecho, no buscamos blogueros invitados, sino que preferimos contar con colaboradores fijos, por lo que seguir estos consejos siempre es pertinente. Tampoco dir\u00edamos nunca que no a un contenido decente.<\/p>\n<h2>\u00bfC\u00f3mo enviar sus contenidos?<\/h2>\n<p>Si tiene una idea que encaje en alguno de los temas, <a href=\"https:\/\/facts-homes.com\/es\/pongase-en-contacto-con\/\">env\u00edenos su propuesta por correo electr\u00f3nico<\/a>. Cuando hayamos acordado el tema y otros detalles, te cederemos los derechos de autor para que puedas crear esta maravillosa pieza. Y a partir de entonces, \u00a1podr\u00e1s publicar tus propias historias e im\u00e1genes siempre que quieras! Dado que contamos con un equipo de editores a tiempo completo, nos reservamos el derecho a realizar algunos cambios en el contenido.<\/p>\n<p>Eliminaremos a los colaboradores con menos de 1 contenido al mes.<\/p>\n<p>En caso de que no le interese ser colaborador permanente y prefiera publicar un art\u00edculo como invitado, nos encargaremos de la edici\u00f3n y publicaci\u00f3n por usted (esto puede conllevar una tarifa administrativa).<\/p>\n","protected":false},"excerpt":{"rendered":"<p>\u00bfQuieres escribir para Facts-Homes? Recibo un buen n\u00famero de peticiones para aparecer en este sitio web, as\u00ed que he pensado que \u00e9sta ser\u00eda una gu\u00eda \u00fatil para quienes deseen contribuir. No s\u00f3lo quiero art\u00edculos puntuales: buscamos miembros permanentes que se unan a nuestra lista de colaboradores y nos ayuden a publicar historias de calidad. Ventajas [&hellip;]<\/p>\n","protected":false},"author":1,"featured_media":0,"parent":0,"menu_order":0,"comment_status":"closed","ping_status":"open","template":"","meta":{"footnotes":""},"class_list":["post-4299","page","type-page","status-publish","hentry"],"_links":{"self":[{"href":"https:\/\/facts-homes.com\/es\/wp-json\/wp\/v2\/pages\/4299","targetHints":{"allow":["GET"]}}],"collection":[{"href":"https:\/\/facts-homes.com\/es\/wp-json\/wp\/v2\/pages"}],"about":[{"href":"https:\/\/facts-homes.com\/es\/wp-json\/wp\/v2\/types\/page"}],"author":[{"embeddable":true,"href":"https:\/\/facts-homes.com\/es\/wp-json\/wp\/v2\/users\/1"}],"replies":[{"embeddable":true,"href":"https:\/\/facts-homes.com\/es\/wp-json\/wp\/v2\/comments?post=4299"}],"version-history":[{"count":0,"href":"https:\/\/facts-homes.com\/es\/wp-json\/wp\/v2\/pages\/4299\/revisions"}],"wp:attachment":[{"href":"https:\/\/facts-homes.com\/es\/wp-json\/wp\/v2\/media?parent=4299"}],"curies":[{"name":"wp","href":"https:\/\/api.w.org\/{rel}","templated":true}]}}