{"id":4296,"date":"2018-04-21T22:31:30","date_gmt":"2018-04-21T22:31:30","guid":{"rendered":"https:\/\/www1.facts-homes.com\/acerca-de-facts-homes\/"},"modified":"2025-07-16T15:06:04","modified_gmt":"2025-07-16T15:06:04","slug":"acerca-de-facts-homes","status":"publish","type":"page","link":"https:\/\/facts-homes.com\/es\/acerca-de-facts-homes\/","title":{"rendered":"Acerca de Facts Homes"},"content":{"rendered":"<p>[vc_row][vc_column][vc_column_text]<\/p>\n<h3>Bienvenido a la secci\u00f3n \u00abQui\u00e9nes somos\u00bb de nuestro sitio web.<\/h3>\n<p>Nos alegra que est\u00e9s aqu\u00ed y nos gustar\u00eda contarte algo sobre este lugar y sobre nuestro equipo. Nuestro objetivo es democratizar la mejora del hogar proporcionando consejos pr\u00e1cticos y accesibles que ayuden a todo el mundo a crear espacios bonitos y funcionales sin arruinarse. Conf\u00ede en nosotros, por favor.<\/p>\n<h3>\u00bfC\u00f3mo empieza?<\/h3>\n<p>Facts Homes naci\u00f3 en 2021 cuando Sarah Mitchell, dise\u00f1adora de interiores profesional, se sinti\u00f3 frustrada al ver c\u00f3mo sus clientes gastaban miles en consultas para problemas que pod\u00edan resolver ellos mismos con la orientaci\u00f3n adecuada. Tras ayudar a un vecino a transformar su anticuada cocina con un presupuesto muy reducido, Sarah se dio cuenta de que hab\u00eda una gran diferencia entre los caros servicios profesionales y los consejos gen\u00e9ricos en l\u00ednea.[\/vc_column_text][vc_row_inner][vc_column_inner width=\u00bb1\/4&#8243;][vc_single_image image=\u00bb3295&#8243; img_size=\u00bbmedium\u00bb alignment=\u00bbcenter\u00bb][\/vc_column_inner][vc_column_inner width=\u00bb3\/4&#8243;][vc_column_text]<\/p>\n<h3><strong>Sarah Mitchell<\/strong> &#8211; Fundadora y redactora jefe<\/h3>\n<p>Sarah es dise\u00f1adora de interiores titulada con 12 a\u00f1os de experiencia en la renovaci\u00f3n y el dise\u00f1o de viviendas. Despu\u00e9s de transformar m\u00e1s de 200 viviendas, descubri\u00f3 su pasi\u00f3n por compartir consejos pr\u00e1cticos con los propietarios de cada d\u00eda. Conocida por su estilo cercano y sus soluciones ajustadas al presupuesto, Sarah cree que todo el mundo se merece una casa bonita y funcional, independientemente de su presupuesto.[\/vc_column_text][\/vc_column_inner][\/vc_row_inner][\/vc_column][\/vc_row][vc_row][vc_column][vc_column_text]<\/p>\n<h3>Nuestro sitio es el lugar perfecto para usted:<\/h3>\n<ul>\n<li>Si est\u00e1s planeando reformar tu piso pero no tienes ni idea de por d\u00f3nde empezar.<\/li>\n<li>Si buscas inspiraci\u00f3n para cambiar algo en el sal\u00f3n o la cocina porque est\u00e1s harto de tu interior.<\/li>\n<li>Si te gustar\u00eda crear un jard\u00edn perfecto pero nunca has tenido un jard\u00edn y no sabes nada sobre plantas y flores.<\/li>\n<li>Si busca un contenido general sobre el hogar y el jard\u00edn.<\/li>\n<\/ul>\n<h2 style=\"text-align: center;\">Facts Homes ser\u00e1 una gran fuente de informaci\u00f3n para usted.<\/h2>\n<p>[\/vc_column_text][vc_btn title=\u00bbP\u00f3ngase en contacto con nosotros\u00bb color=\u00bbviolet\u00bb align=\u00bbcenter\u00bb link=\u00bburl:https%3A%2F%2Ffacts-homes.com%2Fcontact-us%2F|\u00bb][\/vc_column][\/vc_row]<\/p>\n","protected":false},"excerpt":{"rendered":"<p>[vc_row][vc_column][vc_column_text] Bienvenido a la secci\u00f3n \u00abQui\u00e9nes somos\u00bb de nuestro sitio web. Nos alegra que est\u00e9s aqu\u00ed y nos gustar\u00eda contarte algo sobre este lugar y sobre nuestro equipo. Nuestro objetivo es democratizar la mejora del hogar proporcionando consejos pr\u00e1cticos y accesibles que ayuden a todo el mundo a crear espacios bonitos y funcionales sin arruinarse. [&hellip;]<\/p>\n","protected":false},"author":1,"featured_media":0,"parent":0,"menu_order":0,"comment_status":"closed","ping_status":"open","template":"","meta":{"footnotes":""},"class_list":["post-4296","page","type-page","status-publish","hentry"],"_links":{"self":[{"href":"https:\/\/facts-homes.com\/es\/wp-json\/wp\/v2\/pages\/4296","targetHints":{"allow":["GET"]}}],"collection":[{"href":"https:\/\/facts-homes.com\/es\/wp-json\/wp\/v2\/pages"}],"about":[{"href":"https:\/\/facts-homes.com\/es\/wp-json\/wp\/v2\/types\/page"}],"author":[{"embeddable":true,"href":"https:\/\/facts-homes.com\/es\/wp-json\/wp\/v2\/users\/1"}],"replies":[{"embeddable":true,"href":"https:\/\/facts-homes.com\/es\/wp-json\/wp\/v2\/comments?post=4296"}],"version-history":[{"count":2,"href":"https:\/\/facts-homes.com\/es\/wp-json\/wp\/v2\/pages\/4296\/revisions"}],"predecessor-version":[{"id":4298,"href":"https:\/\/facts-homes.com\/es\/wp-json\/wp\/v2\/pages\/4296\/revisions\/4298"}],"wp:attachment":[{"href":"https:\/\/facts-homes.com\/es\/wp-json\/wp\/v2\/media?parent=4296"}],"curies":[{"name":"wp","href":"https:\/\/api.w.org\/{rel}","templated":true}]}}